{"id":2447,"date":"2023-08-14T00:51:45","date_gmt":"2023-08-13T21:51:45","guid":{"rendered":"https:\/\/hbtarim.com\/?post_type=product&#038;p=2447"},"modified":"2026-01-12T14:59:24","modified_gmt":"2026-01-12T11:59:24","slug":"hi-9814-groline-waterproof-portable-hydroponics-ph-ec-tds","status":"publish","type":"product","link":"https:\/\/hbtarim.com\/en\/product\/hi-9814-groline-waterproof-portable-hydroponics-ph-ec-tds\/","title":{"rendered":"HI 9814 GroLine Su Ge\u00e7irmez Ta\u015f\u0131nabilir Hidroponik \u00d6l\u00e7\u00fcm Cihaz\u0131 pH\/EC\/TDS"},"content":{"rendered":"<p><img fetchpriority=\"high\" decoding=\"async\" class=\"alignnone size-medium wp-image-2450\" src=\"https:\/\/hbtarim.com\/wp-content\/uploads\/2023\/08\/hi9814-lean-with-probe-300x300.jpg\" alt=\"\" width=\"300\" height=\"300\" srcset=\"https:\/\/hbtarim.com\/wp-content\/uploads\/2023\/08\/hi9814-lean-with-probe-300x300.jpg 300w, https:\/\/hbtarim.com\/wp-content\/uploads\/2023\/08\/hi9814-lean-with-probe-800x800.jpg 800w, https:\/\/hbtarim.com\/wp-content\/uploads\/2023\/08\/hi9814-lean-with-probe-1024x1024.jpg 1024w, https:\/\/hbtarim.com\/wp-content\/uploads\/2023\/08\/hi9814-lean-with-probe-150x150.jpg 150w, https:\/\/hbtarim.com\/wp-content\/uploads\/2023\/08\/hi9814-lean-with-probe-768x768.jpg 768w, https:\/\/hbtarim.com\/wp-content\/uploads\/2023\/08\/hi9814-lean-with-probe-12x12.jpg 12w, https:\/\/hbtarim.com\/wp-content\/uploads\/2023\/08\/hi9814-lean-with-probe-480x480.jpg 480w, https:\/\/hbtarim.com\/wp-content\/uploads\/2023\/08\/hi9814-lean-with-probe.jpg 1200w\" sizes=\"(max-width: 300px) 100vw, 300px\" \/><\/p>\n<p>Kullan\u0131m Klavuzu ve Teknik D\u00f6k\u00fcmana <a href=\"https:\/\/hbtarim.com\/wp-content\/uploads\/2023\/08\/man9814_11_18-1.pdf\">buradan<\/a> ula\u015fabilirsiniz.<\/p>\n<p>Hanna GroLine<\/p>","protected":false},"excerpt":{"rendered":"<h3>Prob Durumu<\/h3>\n<p>Ekrandaki bir g\u00f6sterge, probunuzun en iyi \u015fekilde \u00e7al\u0131\u015ft\u0131\u011f\u0131na dair g\u00f6rsel onay sa\u011flar.<\/p>\n<h3>D\u00fc\u015f\u00fck Pil G\u00f6stergesi<\/h3>\n<p>\u00dcr\u00fcnle birlikte verilen piller 600 saatlik s\u00fcrekli kullan\u0131m sa\u011flar. Pil seviyesi %10&#8217;un alt\u0131nda oldu\u011funda, d\u00fc\u015f\u00fck pil durumunu belirtmek i\u00e7in bir uyar\u0131 sembol\u00fc yan\u0131p s\u00f6necektir. D\u00fc\u015f\u00fck pil g\u00fcc\u00fc sonu\u00e7lar\u0131n\u0131z\u0131 etkileyebilece\u011finde, d\u00fc\u015f\u00fck pil seviyesinin neden oldu\u011fu hatal\u0131 okumalar\u0131 \u00f6nlemek i\u00e7in saya\u00e7 kapanacakt\u0131r.<\/p>\n<h3>Otomatik Kapanma<\/h3>\n<p>Otomatik kapanma \u00f6zelli\u011fi, sayac\u0131 8 veya 60 dakikada kapatacak \u015fekilde ayarlanabilir veya sayac\u0131n s\u00fcrekli a\u00e7\u0131k kalmas\u0131 i\u00e7in devre d\u0131\u015f\u0131 b\u0131rak\u0131labilir. Otomatik kapanma \u00f6zelli\u011fi, saya\u00e7 yanl\u0131\u015fl\u0131kla a\u00e7\u0131k b\u0131rak\u0131l\u0131rsa g\u00f6n\u00fcl rahatl\u0131\u011f\u0131 ve enerji tasarrufu i\u00e7in pil \u00f6mr\u00fcn\u00fc uzat\u0131r<\/p>\n<h3>Dayan\u0131kl\u0131 olmak i\u00e7in \u00dcretildi<\/h3>\n<p>Ger\u00e7ek hayat\u0131n darbelerine, d\u00fc\u015fmelerine ve d\u00f6k\u00fclmelerine dayanacak \u015fekilde tasarlanan yeni IP67 g\u00f6vdesi, her ortamda en y\u00fcksek performans\u0131 sa\u011flar. Bu saya\u00e7lar her y\u00f6nden toz ve su giri\u015fine kar\u015f\u0131 korunmaktad\u0131r.<\/p>\n<h3>Ta\u015f\u0131nabilir Tasar\u0131m<\/h3>\n<p>Hareket halindeyken test i\u00e7in elinize rahat\u00e7a s\u0131\u011facak \u015fekilde \u00fcretilen \u00e7ok seviyeli LCD ekran, herhangi bir a\u00e7\u0131dan bir bak\u0131\u015fta pH, EC\/TDS ve s\u0131cakl\u0131k \u00f6l\u00e7\u00fcmleri sa\u011flar ve \u00e7ift d\u00fc\u011fmeli i\u015flem, herhangi bir kullan\u0131c\u0131 i\u00e7in test s\u00fcrecini kolayla\u015ft\u0131r\u0131r.<\/p>\n<h3>H\u0131zl\u0131 Ba\u011flant\u0131 Probu<\/h3>\n<p>Quick Connect DIN konekt\u00f6r\u00fc, probun tak\u0131lmas\u0131n\u0131 ve \u00e7\u0131kar\u0131lmas\u0131n\u0131 basit ve kolay hale getirir. Kau\u00e7uk kaplama kabloyu korur ve b\u00fck\u00fclmeden su ge\u00e7irmez bir s\u0131zd\u0131rmazl\u0131k sa\u011flar<\/p>\n<h3>H\u0131zl\u0131 Kalibrasyon Sol\u00fcsyon Po\u015fetleri (3)<\/h3>\n<p>PH ve iletkenlik i\u00e7in tek bir kalibrasyon \u00e7\u00f6z\u00fcm\u00fc, kalibrasyonu h\u0131zl\u0131 hale getirir ve daha iyi bitki sa\u011fl\u0131\u011f\u0131 ve daha iyi verim i\u00e7in t\u00fcm \u00f6l\u00e7\u00fcmlerinizin her seferinde do\u011fru olmas\u0131n\u0131 sa\u011flar. Tek kullan\u0131ml\u0131k po\u015fetler ayr\u0131 ayr\u0131 kapat\u0131l\u0131r, b\u00f6ylece her kalibrede taze tampon kullan\u0131rs\u0131n\u0131z.<\/p>\n<h3>Tar\u0131msal Uygulamalar i\u00e7in Elektrot Temizleme Sol\u00fcsyonu Po\u015fetler (3)<\/h3>\n<p>GroLine Combo Metreniz, elektrotunuzu topraklarda bulunan d\u00f6k\u00fcnt\u00fclerden uzak tutmak i\u00e7in tasarlanm\u0131\u015f temizleme sol\u00fcsyonuyla birlikte gelir. Bu konsantre deterjan kombinasyonu, sayac\u0131n\u0131z\u0131n optimum durumda kalmas\u0131 i\u00e7in sayac\u0131n\u0131z\u0131 h\u0131zl\u0131 ve etkili bir \u015fekilde temizler.<\/p>\n<p>&nbsp;<\/p>","protected":false},"featured_media":2448,"comment_status":"open","ping_status":"closed","template":"","meta":[],"product_brand":[],"product_cat":[55],"product_tag":[],"class_list":{"0":"post-2447","1":"product","2":"type-product","3":"status-publish","4":"has-post-thumbnail","6":"product_cat-olcum-cihazlari","8":"first","9":"instock","10":"taxable","11":"shipping-taxable","12":"purchasable","13":"product-type-simple"},"_links":{"self":[{"href":"https:\/\/hbtarim.com\/en\/wp-json\/wp\/v2\/product\/2447","targetHints":{"allow":["GET"]}}],"collection":[{"href":"https:\/\/hbtarim.com\/en\/wp-json\/wp\/v2\/product"}],"about":[{"href":"https:\/\/hbtarim.com\/en\/wp-json\/wp\/v2\/types\/product"}],"replies":[{"embeddable":true,"href":"https:\/\/hbtarim.com\/en\/wp-json\/wp\/v2\/comments?post=2447"}],"wp:featuredmedia":[{"embeddable":true,"href":"https:\/\/hbtarim.com\/en\/wp-json\/wp\/v2\/media\/2448"}],"wp:attachment":[{"href":"https:\/\/hbtarim.com\/en\/wp-json\/wp\/v2\/media?parent=2447"}],"wp:term":[{"taxonomy":"product_brand","embeddable":true,"href":"https:\/\/hbtarim.com\/en\/wp-json\/wp\/v2\/product_brand?post=2447"},{"taxonomy":"product_cat","embeddable":true,"href":"https:\/\/hbtarim.com\/en\/wp-json\/wp\/v2\/product_cat?post=2447"},{"taxonomy":"product_tag","embeddable":true,"href":"https:\/\/hbtarim.com\/en\/wp-json\/wp\/v2\/product_tag?post=2447"}],"curies":[{"name":"wp","href":"https:\/\/api.w.org\/{rel}","templated":true}]}}