{"id":2440,"date":"2023-08-11T15:52:20","date_gmt":"2023-08-11T12:52:20","guid":{"rendered":"https:\/\/hbtarim.com\/?post_type=product&#038;p=2440"},"modified":"2026-01-12T14:59:55","modified_gmt":"2026-01-12T11:59:55","slug":"hi-98331-groline-toprak-iletkenligi-ec-ve-sicaklik-test-cihazi","status":"publish","type":"product","link":"https:\/\/hbtarim.com\/en\/product\/hi-98331-groline-toprak-iletkenligi-ec-ve-sicaklik-test-cihazi\/","title":{"rendered":"HI 98331 GROLINE TOPRAK \u0130LETKENL\u0130\u011e\u0130 (EC) VE SICAKLIK TEST C\u0130HAZI"},"content":{"rendered":"<p>HI-98331 Soil Test\u2122, toprak iletkenli\u011fini ve s\u0131cakl\u0131\u011f\u0131n\u0131 do\u011frudan \u00f6l\u00e7mek i\u00e7in \u00f6zel olarak tasarlanm\u0131\u015f bir test cihaz\u0131d\u0131r. Penetrasyon probundaki bir s\u0131cakl\u0131k sens\u00f6r\u00fc ile \u00f6l\u00e7\u00fcmler otomatik olarak s\u0131cakl\u0131k telafi edilir.<\/p>\n<p>\u0130letkenlik aral\u0131\u011f\u0131 bir noktada kalibre edilebilir ve standartla\u015ft\u0131r\u0131lm\u0131\u015f bir \u00e7\u00f6zeltide ger\u00e7ekle\u015ftirilmek \u00fczere tasarlanm\u0131\u015ft\u0131r.<\/p>\n<p><strong>Temel \u00f6zellikler<\/strong><\/p>\n<p>De\u011fi\u015ftirilebilir 114 mm penetrasyon probu<\/p>\n<p>Otomatik S\u0131cakl\u0131k Telafisi<\/p>\n<p>Hafif ve ta\u015f\u0131nabilir<\/p>\n<p>Okunmas\u0131 kolay ekran<\/p>\n<p>Tek tu\u015fla i\u015flem<\/p>\n<p><strong>Birlikte verilir<\/strong><\/p>\n<p>HI 73331 iletkenlik probu<\/p>\n<p>Kalibrasyon tornavidas\u0131<\/p>\n<p>Piller ve Kullan\u0131c\u0131 Klavuzu<\/p>","protected":false},"excerpt":{"rendered":"<p>HI-98331 Soil Test\u2122, toprak iletkenli\u011fini ve s\u0131cakl\u0131\u011f\u0131n\u0131 do\u011frudan \u00f6l\u00e7mek i\u00e7in \u00f6zel olarak tasarlanm\u0131\u015f bir test cihaz\u0131d\u0131r. Penetrasyon probundaki bir s\u0131cakl\u0131k sens\u00f6r\u00fc ile \u00f6l\u00e7\u00fcmler otomatik olarak s\u0131cakl\u0131k telafi edilir. \u0130letkenlik aral\u0131\u011f\u0131 bir noktada kalibre edilebilir ve standartla\u015ft\u0131r\u0131lm\u0131\u015f bir \u00e7\u00f6zeltide ger\u00e7ekle\u015ftirilmek \u00fczere tasarlanm\u0131\u015ft\u0131r. Temel \u00f6zellikler De\u011fi\u015ftirilebilir 114 mm penetrasyon probu Otomatik S\u0131cakl\u0131k Telafisi Hafif ve ta\u015f\u0131nabilir Okunmas\u0131 [&hellip;]<\/p>\n","protected":false},"featured_media":2441,"comment_status":"open","ping_status":"closed","template":"","meta":[],"product_brand":[],"product_cat":[55],"product_tag":[],"class_list":{"0":"post-2440","1":"product","2":"type-product","3":"status-publish","4":"has-post-thumbnail","6":"product_cat-olcum-cihazlari","8":"first","9":"instock","10":"taxable","11":"shipping-taxable","12":"purchasable","13":"product-type-simple"},"_links":{"self":[{"href":"https:\/\/hbtarim.com\/en\/wp-json\/wp\/v2\/product\/2440","targetHints":{"allow":["GET"]}}],"collection":[{"href":"https:\/\/hbtarim.com\/en\/wp-json\/wp\/v2\/product"}],"about":[{"href":"https:\/\/hbtarim.com\/en\/wp-json\/wp\/v2\/types\/product"}],"replies":[{"embeddable":true,"href":"https:\/\/hbtarim.com\/en\/wp-json\/wp\/v2\/comments?post=2440"}],"wp:featuredmedia":[{"embeddable":true,"href":"https:\/\/hbtarim.com\/en\/wp-json\/wp\/v2\/media\/2441"}],"wp:attachment":[{"href":"https:\/\/hbtarim.com\/en\/wp-json\/wp\/v2\/media?parent=2440"}],"wp:term":[{"taxonomy":"product_brand","embeddable":true,"href":"https:\/\/hbtarim.com\/en\/wp-json\/wp\/v2\/product_brand?post=2440"},{"taxonomy":"product_cat","embeddable":true,"href":"https:\/\/hbtarim.com\/en\/wp-json\/wp\/v2\/product_cat?post=2440"},{"taxonomy":"product_tag","embeddable":true,"href":"https:\/\/hbtarim.com\/en\/wp-json\/wp\/v2\/product_tag?post=2440"}],"curies":[{"name":"wp","href":"https:\/\/api.w.org\/{rel}","templated":true}]}}