{"id":2252,"date":"2022-10-19T18:08:12","date_gmt":"2022-10-19T15:08:12","guid":{"rendered":"https:\/\/hbtarim.com\/?post_type=product&#038;p=2252"},"modified":"2026-03-05T02:11:44","modified_gmt":"2026-03-04T23:11:44","slug":"2252","status":"publish","type":"product","link":"https:\/\/hbtarim.com\/en\/product\/2252\/","title":{"rendered":"\u00c7ilek Kokopit"},"content":{"rendered":"<p style=\"text-align: left;\">\u00c7ilek Kokopit Slab Halinde (11 delikli) Kar\u0131\u015f\u0131m (%70 peat \u00a0%30 chips)<\/p>","protected":false},"excerpt":{"rendered":"<p>\u00c7ilek Kokopit Slab Halinde (11 delikli) Kar\u0131\u015f\u0131m (%70 peat \u00a0%30 chips)<\/p>","protected":false},"featured_media":2253,"comment_status":"open","ping_status":"closed","template":"","meta":[],"product_brand":[],"product_cat":[54],"product_tag":[],"class_list":{"0":"post-2252","1":"product","2":"type-product","3":"status-publish","4":"has-post-thumbnail","6":"product_cat-bitki-yetistirme-ortami","7":"product_shipping_class-cocopeat","9":"first","10":"outofstock","11":"taxable","12":"shipping-taxable","13":"purchasable","14":"product-type-simple"},"_links":{"self":[{"href":"https:\/\/hbtarim.com\/en\/wp-json\/wp\/v2\/product\/2252","targetHints":{"allow":["GET"]}}],"collection":[{"href":"https:\/\/hbtarim.com\/en\/wp-json\/wp\/v2\/product"}],"about":[{"href":"https:\/\/hbtarim.com\/en\/wp-json\/wp\/v2\/types\/product"}],"replies":[{"embeddable":true,"href":"https:\/\/hbtarim.com\/en\/wp-json\/wp\/v2\/comments?post=2252"}],"wp:featuredmedia":[{"embeddable":true,"href":"https:\/\/hbtarim.com\/en\/wp-json\/wp\/v2\/media\/2253"}],"wp:attachment":[{"href":"https:\/\/hbtarim.com\/en\/wp-json\/wp\/v2\/media?parent=2252"}],"wp:term":[{"taxonomy":"product_brand","embeddable":true,"href":"https:\/\/hbtarim.com\/en\/wp-json\/wp\/v2\/product_brand?post=2252"},{"taxonomy":"product_cat","embeddable":true,"href":"https:\/\/hbtarim.com\/en\/wp-json\/wp\/v2\/product_cat?post=2252"},{"taxonomy":"product_tag","embeddable":true,"href":"https:\/\/hbtarim.com\/en\/wp-json\/wp\/v2\/product_tag?post=2252"}],"curies":[{"name":"wp","href":"https:\/\/api.w.org\/{rel}","templated":true}]}}